{"id":11,"date":"2012-12-04T13:46:42","date_gmt":"2012-12-04T13:46:42","guid":{"rendered":"http:\/\/langubrokeris.lt\/?page_id=11"},"modified":"2012-12-14T08:27:30","modified_gmt":"2012-12-14T08:27:30","slug":"kontakte-impressum","status":"publish","type":"page","link":"https:\/\/langubrokeris.lt\/de\/kontakte-impressum\/","title":{"rendered":"KONTAKTE \/ IMPRESSUM"},"content":{"rendered":"<p>UAB &ldquo;LANG\u0172 BROKERIS&ldquo;<br \/>\n\tAdresse der juristischen Person Nr.:302896492<br \/>\n\tKlaip\u0117dos g. 11<br \/>\n\tLT-92354 Klaip\u0117da<br \/>\n\tWeitere Informationen unter der Telefonnummer:&nbsp;&nbsp;+37064591888<br \/>\n\tE-Mail:&nbsp;<a href=\"mailto:info@langubrokeris.lt;\"><span style=\"color:#d3d3d3;\">info@langubrokeris.lt;<\/span><\/a><\/p>\n<p>&nbsp;<\/p>\n","protected":false},"excerpt":{"rendered":"<p>UAB &ldquo;LANG\u0172 BROKERIS&ldquo; Adresse der juristischen Person Nr.:302896492 Klaip\u0117dos g. 11 LT-92354 Klaip\u0117da Weitere Informationen unter der Telefonnummer:&nbsp;&nbsp;+37064591888 E-Mail:&nbsp;info@langubrokeris.lt; &nbsp;<\/p>\n<div class=\"placiaukategorijos\"><a href=\"https:\/\/langubrokeris.lt\/de\/kontakte-impressum\/\">Pla\u010diau...<\/a><\/div>","protected":false},"author":1,"featured_media":0,"parent":0,"menu_order":0,"comment_status":"open","ping_status":"open","template":"","meta":{"footnotes":""},"class_list":["post-11","page","type-page","status-publish","hentry"],"_links":{"self":[{"href":"https:\/\/langubrokeris.lt\/de\/wp-json\/wp\/v2\/pages\/11","targetHints":{"allow":["GET"]}}],"collection":[{"href":"https:\/\/langubrokeris.lt\/de\/wp-json\/wp\/v2\/pages"}],"about":[{"href":"https:\/\/langubrokeris.lt\/de\/wp-json\/wp\/v2\/types\/page"}],"author":[{"embeddable":true,"href":"https:\/\/langubrokeris.lt\/de\/wp-json\/wp\/v2\/users\/1"}],"replies":[{"embeddable":true,"href":"https:\/\/langubrokeris.lt\/de\/wp-json\/wp\/v2\/comments?post=11"}],"version-history":[{"count":9,"href":"https:\/\/langubrokeris.lt\/de\/wp-json\/wp\/v2\/pages\/11\/revisions"}],"predecessor-version":[{"id":110,"href":"https:\/\/langubrokeris.lt\/de\/wp-json\/wp\/v2\/pages\/11\/revisions\/110"}],"wp:attachment":[{"href":"https:\/\/langubrokeris.lt\/de\/wp-json\/wp\/v2\/media?parent=11"}],"curies":[{"name":"wp","href":"https:\/\/api.w.org\/{rel}","templated":true}]}}